{"id":126407,"date":"2023-12-19T07:02:06","date_gmt":"2023-12-19T00:02:06","guid":{"rendered":"https:\/\/www.pavilionshotels.com\/the-pavilions-madrid\/"},"modified":"2026-04-03T15:52:00","modified_gmt":"2026-04-03T08:52:00","slug":"casa-almagro","status":"publish","type":"page","link":"https:\/\/www.pavilionshotels.com\/es\/destinations\/madrid\/casa-almagro\/","title":{"rendered":"Casa Almagro"},"content":{"rendered":"","protected":false},"excerpt":{"rendered":"","protected":false},"author":1,"featured_media":120227,"parent":126869,"menu_order":0,"comment_status":"closed","ping_status":"closed","template":"templates\/hotel.php","meta":{"footnotes":""},"class_list":["post-126407","page","type-page","status-publish","has-post-thumbnail","hentry"],"acf":[],"yoast_head":"<!-- This site is optimized with the Yoast SEO plugin v27.3 - https:\/\/yoast.com\/product\/yoast-seo-wordpress\/ -->\n<title>Casa Almagro By the Pavilions | Hotel de dise\u00f1o en Madrid<\/title>\n<meta name=\"description\" content=\"Casa Almagro ofrece a sus distinguidos hu\u00e9spedes un alojamiento situado a solo unos minutos del bullicio de la magn\u00edfica ciudad de Madrid.\" \/>\n<meta name=\"robots\" content=\"index, follow, max-snippet:-1, max-image-preview:large, max-video-preview:-1\" \/>\n<link rel=\"canonical\" href=\"https:\/\/www.pavilionshotels.com\/es\/destinations\/madrid\/casa-almagro\/\" \/>\n<meta property=\"og:locale\" content=\"es_ES\" \/>\n<meta property=\"og:type\" content=\"article\" \/>\n<meta property=\"og:title\" content=\"Casa Almagro By the Pavilions | Hotel de dise\u00f1o en Madrid\" \/>\n<meta property=\"og:description\" content=\"Casa Almagro ofrece a sus distinguidos hu\u00e9spedes un alojamiento situado a solo unos minutos del bullicio de la magn\u00edfica ciudad de Madrid.\" \/>\n<meta property=\"og:url\" content=\"https:\/\/www.pavilionshotels.com\/es\/destinations\/madrid\/casa-almagro\/\" \/>\n<meta property=\"og:site_name\" content=\"The Pavilions Hotels &amp; Resorts\" \/>\n<meta property=\"article:modified_time\" content=\"2026-04-03T08:52:00+00:00\" \/>\n<meta property=\"og:image\" content=\"https:\/\/www.pavilionshotels.com\/wp-content\/uploads\/2024\/02\/The-Pavilions-Madrid.webp\" \/>\n\t<meta property=\"og:image:width\" content=\"1822\" \/>\n\t<meta property=\"og:image:height\" content=\"1214\" \/>\n\t<meta property=\"og:image:type\" content=\"image\/webp\" \/>\n<meta name=\"twitter:card\" content=\"summary_large_image\" \/>\n<meta name=\"twitter:label1\" content=\"Tiempo de lectura\" \/>\n\t<meta name=\"twitter:data1\" content=\"1 minuto\" \/>\n<script type=\"application\/ld+json\" class=\"yoast-schema-graph\">{\"@context\":\"https:\\\/\\\/schema.org\",\"@graph\":[{\"@type\":\"WebPage\",\"@id\":\"https:\\\/\\\/www.pavilionshotels.com\\\/es\\\/destinations\\\/madrid\\\/casa-almagro\\\/\",\"url\":\"https:\\\/\\\/www.pavilionshotels.com\\\/es\\\/destinations\\\/madrid\\\/casa-almagro\\\/\",\"name\":\"Casa Almagro By the Pavilions | Hotel de dise\u00f1o en Madrid\",\"isPartOf\":{\"@id\":\"https:\\\/\\\/www.pavilionshotels.com\\\/es\\\/#website\"},\"primaryImageOfPage\":{\"@id\":\"https:\\\/\\\/www.pavilionshotels.com\\\/es\\\/destinations\\\/madrid\\\/casa-almagro\\\/#primaryimage\"},\"image\":{\"@id\":\"https:\\\/\\\/www.pavilionshotels.com\\\/es\\\/destinations\\\/madrid\\\/casa-almagro\\\/#primaryimage\"},\"thumbnailUrl\":\"https:\\\/\\\/www.pavilionshotels.com\\\/wp-content\\\/uploads\\\/2024\\\/02\\\/The-Pavilions-Madrid.webp\",\"datePublished\":\"2023-12-19T00:02:06+00:00\",\"dateModified\":\"2026-04-03T08:52:00+00:00\",\"description\":\"Casa Almagro ofrece a sus distinguidos hu\u00e9spedes un alojamiento situado a solo unos minutos del bullicio de la magn\u00edfica ciudad de Madrid.\",\"breadcrumb\":{\"@id\":\"https:\\\/\\\/www.pavilionshotels.com\\\/es\\\/destinations\\\/madrid\\\/casa-almagro\\\/#breadcrumb\"},\"inLanguage\":\"es\",\"potentialAction\":[{\"@type\":\"ReadAction\",\"target\":[\"https:\\\/\\\/www.pavilionshotels.com\\\/es\\\/destinations\\\/madrid\\\/casa-almagro\\\/\"]}]},{\"@type\":\"ImageObject\",\"inLanguage\":\"es\",\"@id\":\"https:\\\/\\\/www.pavilionshotels.com\\\/es\\\/destinations\\\/madrid\\\/casa-almagro\\\/#primaryimage\",\"url\":\"https:\\\/\\\/www.pavilionshotels.com\\\/wp-content\\\/uploads\\\/2024\\\/02\\\/The-Pavilions-Madrid.webp\",\"contentUrl\":\"https:\\\/\\\/www.pavilionshotels.com\\\/wp-content\\\/uploads\\\/2024\\\/02\\\/The-Pavilions-Madrid.webp\",\"width\":1822,\"height\":1214},{\"@type\":\"BreadcrumbList\",\"@id\":\"https:\\\/\\\/www.pavilionshotels.com\\\/es\\\/destinations\\\/madrid\\\/casa-almagro\\\/#breadcrumb\",\"itemListElement\":[{\"@type\":\"ListItem\",\"position\":1,\"name\":\"Home\",\"item\":\"https:\\\/\\\/www.pavilionshotels.com\\\/es\\\/\"},{\"@type\":\"ListItem\",\"position\":2,\"name\":\"Destinations\",\"item\":\"https:\\\/\\\/www.pavilionshotels.com\\\/es\\\/destinations\\\/\"},{\"@type\":\"ListItem\",\"position\":3,\"name\":\"Madrid\",\"item\":\"https:\\\/\\\/www.pavilionshotels.com\\\/es\\\/destinations\\\/madrid\\\/\"},{\"@type\":\"ListItem\",\"position\":4,\"name\":\"Casa Almagro\"}]},{\"@type\":\"WebSite\",\"@id\":\"https:\\\/\\\/www.pavilionshotels.com\\\/es\\\/#website\",\"url\":\"https:\\\/\\\/www.pavilionshotels.com\\\/es\\\/\",\"name\":\"The Pavilions Hotels &amp; Resorts\",\"description\":\"Your Curated Journey Starts Now\",\"publisher\":{\"@id\":\"https:\\\/\\\/www.pavilionshotels.com\\\/es\\\/#organization\"},\"potentialAction\":[{\"@type\":\"SearchAction\",\"target\":{\"@type\":\"EntryPoint\",\"urlTemplate\":\"https:\\\/\\\/www.pavilionshotels.com\\\/es\\\/?s={search_term_string}\"},\"query-input\":{\"@type\":\"PropertyValueSpecification\",\"valueRequired\":true,\"valueName\":\"search_term_string\"}}],\"inLanguage\":\"es\"},{\"@type\":\"Organization\",\"@id\":\"https:\\\/\\\/www.pavilionshotels.com\\\/es\\\/#organization\",\"name\":\"The Pavilions Hotels &amp; Resorts\",\"url\":\"https:\\\/\\\/www.pavilionshotels.com\\\/es\\\/\",\"logo\":{\"@type\":\"ImageObject\",\"inLanguage\":\"es\",\"@id\":\"https:\\\/\\\/www.pavilionshotels.com\\\/es\\\/#\\\/schema\\\/logo\\\/image\\\/\",\"url\":\"https:\\\/\\\/www.pavilionshotels.com\\\/wp-content\\\/uploads\\\/2024\\\/02\\\/pavilions-logo.png\",\"contentUrl\":\"https:\\\/\\\/www.pavilionshotels.com\\\/wp-content\\\/uploads\\\/2024\\\/02\\\/pavilions-logo.png\",\"width\":256,\"height\":256,\"caption\":\"The Pavilions Hotels &amp; Resorts\"},\"image\":{\"@id\":\"https:\\\/\\\/www.pavilionshotels.com\\\/es\\\/#\\\/schema\\\/logo\\\/image\\\/\"}}]}<\/script>\n<!-- \/ Yoast SEO plugin. -->","yoast_head_json":{"title":"Casa Almagro By the Pavilions | Hotel de dise\u00f1o en Madrid","description":"Casa Almagro ofrece a sus distinguidos hu\u00e9spedes un alojamiento situado a solo unos minutos del bullicio de la magn\u00edfica ciudad de Madrid.","robots":{"index":"index","follow":"follow","max-snippet":"max-snippet:-1","max-image-preview":"max-image-preview:large","max-video-preview":"max-video-preview:-1"},"canonical":"https:\/\/www.pavilionshotels.com\/es\/destinations\/madrid\/casa-almagro\/","og_locale":"es_ES","og_type":"article","og_title":"Casa Almagro By the Pavilions | Hotel de dise\u00f1o en Madrid","og_description":"Casa Almagro ofrece a sus distinguidos hu\u00e9spedes un alojamiento situado a solo unos minutos del bullicio de la magn\u00edfica ciudad de Madrid.","og_url":"https:\/\/www.pavilionshotels.com\/es\/destinations\/madrid\/casa-almagro\/","og_site_name":"The Pavilions Hotels &amp; Resorts","article_modified_time":"2026-04-03T08:52:00+00:00","og_image":[{"width":1822,"height":1214,"url":"https:\/\/www.pavilionshotels.com\/wp-content\/uploads\/2024\/02\/The-Pavilions-Madrid.webp","type":"image\/webp"}],"twitter_card":"summary_large_image","twitter_misc":{"Tiempo de lectura":"1 minuto"},"schema":{"@context":"https:\/\/schema.org","@graph":[{"@type":"WebPage","@id":"https:\/\/www.pavilionshotels.com\/es\/destinations\/madrid\/casa-almagro\/","url":"https:\/\/www.pavilionshotels.com\/es\/destinations\/madrid\/casa-almagro\/","name":"Casa Almagro By the Pavilions | Hotel de dise\u00f1o en Madrid","isPartOf":{"@id":"https:\/\/www.pavilionshotels.com\/es\/#website"},"primaryImageOfPage":{"@id":"https:\/\/www.pavilionshotels.com\/es\/destinations\/madrid\/casa-almagro\/#primaryimage"},"image":{"@id":"https:\/\/www.pavilionshotels.com\/es\/destinations\/madrid\/casa-almagro\/#primaryimage"},"thumbnailUrl":"https:\/\/www.pavilionshotels.com\/wp-content\/uploads\/2024\/02\/The-Pavilions-Madrid.webp","datePublished":"2023-12-19T00:02:06+00:00","dateModified":"2026-04-03T08:52:00+00:00","description":"Casa Almagro ofrece a sus distinguidos hu\u00e9spedes un alojamiento situado a solo unos minutos del bullicio de la magn\u00edfica ciudad de Madrid.","breadcrumb":{"@id":"https:\/\/www.pavilionshotels.com\/es\/destinations\/madrid\/casa-almagro\/#breadcrumb"},"inLanguage":"es","potentialAction":[{"@type":"ReadAction","target":["https:\/\/www.pavilionshotels.com\/es\/destinations\/madrid\/casa-almagro\/"]}]},{"@type":"ImageObject","inLanguage":"es","@id":"https:\/\/www.pavilionshotels.com\/es\/destinations\/madrid\/casa-almagro\/#primaryimage","url":"https:\/\/www.pavilionshotels.com\/wp-content\/uploads\/2024\/02\/The-Pavilions-Madrid.webp","contentUrl":"https:\/\/www.pavilionshotels.com\/wp-content\/uploads\/2024\/02\/The-Pavilions-Madrid.webp","width":1822,"height":1214},{"@type":"BreadcrumbList","@id":"https:\/\/www.pavilionshotels.com\/es\/destinations\/madrid\/casa-almagro\/#breadcrumb","itemListElement":[{"@type":"ListItem","position":1,"name":"Home","item":"https:\/\/www.pavilionshotels.com\/es\/"},{"@type":"ListItem","position":2,"name":"Destinations","item":"https:\/\/www.pavilionshotels.com\/es\/destinations\/"},{"@type":"ListItem","position":3,"name":"Madrid","item":"https:\/\/www.pavilionshotels.com\/es\/destinations\/madrid\/"},{"@type":"ListItem","position":4,"name":"Casa Almagro"}]},{"@type":"WebSite","@id":"https:\/\/www.pavilionshotels.com\/es\/#website","url":"https:\/\/www.pavilionshotels.com\/es\/","name":"The Pavilions Hotels &amp; Resorts","description":"Your Curated Journey Starts Now","publisher":{"@id":"https:\/\/www.pavilionshotels.com\/es\/#organization"},"potentialAction":[{"@type":"SearchAction","target":{"@type":"EntryPoint","urlTemplate":"https:\/\/www.pavilionshotels.com\/es\/?s={search_term_string}"},"query-input":{"@type":"PropertyValueSpecification","valueRequired":true,"valueName":"search_term_string"}}],"inLanguage":"es"},{"@type":"Organization","@id":"https:\/\/www.pavilionshotels.com\/es\/#organization","name":"The Pavilions Hotels &amp; Resorts","url":"https:\/\/www.pavilionshotels.com\/es\/","logo":{"@type":"ImageObject","inLanguage":"es","@id":"https:\/\/www.pavilionshotels.com\/es\/#\/schema\/logo\/image\/","url":"https:\/\/www.pavilionshotels.com\/wp-content\/uploads\/2024\/02\/pavilions-logo.png","contentUrl":"https:\/\/www.pavilionshotels.com\/wp-content\/uploads\/2024\/02\/pavilions-logo.png","width":256,"height":256,"caption":"The Pavilions Hotels &amp; Resorts"},"image":{"@id":"https:\/\/www.pavilionshotels.com\/es\/#\/schema\/logo\/image\/"}}]}},"_links":{"self":[{"href":"https:\/\/www.pavilionshotels.com\/es\/wp-json\/wp\/v2\/pages\/126407","targetHints":{"allow":["GET"]}}],"collection":[{"href":"https:\/\/www.pavilionshotels.com\/es\/wp-json\/wp\/v2\/pages"}],"about":[{"href":"https:\/\/www.pavilionshotels.com\/es\/wp-json\/wp\/v2\/types\/page"}],"author":[{"embeddable":true,"href":"https:\/\/www.pavilionshotels.com\/es\/wp-json\/wp\/v2\/users\/1"}],"replies":[{"embeddable":true,"href":"https:\/\/www.pavilionshotels.com\/es\/wp-json\/wp\/v2\/comments?post=126407"}],"version-history":[{"count":11,"href":"https:\/\/www.pavilionshotels.com\/es\/wp-json\/wp\/v2\/pages\/126407\/revisions"}],"predecessor-version":[{"id":131295,"href":"https:\/\/www.pavilionshotels.com\/es\/wp-json\/wp\/v2\/pages\/126407\/revisions\/131295"}],"up":[{"embeddable":true,"href":"https:\/\/www.pavilionshotels.com\/es\/wp-json\/wp\/v2\/pages\/126869"}],"wp:featuredmedia":[{"embeddable":true,"href":"https:\/\/www.pavilionshotels.com\/es\/wp-json\/wp\/v2\/media\/120227"}],"wp:attachment":[{"href":"https:\/\/www.pavilionshotels.com\/es\/wp-json\/wp\/v2\/media?parent=126407"}],"curies":[{"name":"wp","href":"https:\/\/api.w.org\/{rel}","templated":true}]}}