{"id":126401,"date":"2024-01-25T05:25:40","date_gmt":"2024-01-24T22:25:40","guid":{"rendered":"https:\/\/www.pavilionshotels.com\/gastronomia\/"},"modified":"2026-04-03T16:04:57","modified_gmt":"2026-04-03T09:04:57","slug":"dining","status":"publish","type":"page","link":"https:\/\/www.pavilionshotels.com\/es\/destinations\/madrid\/casa-almagro\/dining\/","title":{"rendered":"Gastronom\u00eda"},"content":{"rendered":"","protected":false},"excerpt":{"rendered":"","protected":false},"author":1,"featured_media":0,"parent":126407,"menu_order":0,"comment_status":"closed","ping_status":"closed","template":"templates\/content-blocks.php","meta":{"footnotes":""},"class_list":["post-126401","page","type-page","status-publish","hentry"],"acf":[],"yoast_head":"<!-- This site is optimized with the Yoast SEO plugin v27.3 - https:\/\/yoast.com\/product\/yoast-seo-wordpress\/ -->\n<title>Casa Almagro by The Pavilions | Gastronom\u00eda<\/title>\n<meta name=\"description\" content=\"Descubra la gastronom\u00eda de Casa Almagro y comience el d\u00eda con un desayuno a la carta en un tranquilo jard\u00edn interior.\" \/>\n<meta name=\"robots\" content=\"index, follow, max-snippet:-1, max-image-preview:large, max-video-preview:-1\" \/>\n<link rel=\"canonical\" href=\"https:\/\/www.pavilionshotels.com\/es\/destinations\/madrid\/casa-almagro\/dining\/\" \/>\n<meta property=\"og:locale\" content=\"es_ES\" \/>\n<meta property=\"og:type\" content=\"article\" \/>\n<meta property=\"og:title\" content=\"Casa Almagro by The Pavilions | Gastronom\u00eda\" \/>\n<meta property=\"og:description\" content=\"Descubra la gastronom\u00eda de Casa Almagro y comience el d\u00eda con un desayuno a la carta en un tranquilo jard\u00edn interior.\" \/>\n<meta property=\"og:url\" content=\"https:\/\/www.pavilionshotels.com\/es\/destinations\/madrid\/casa-almagro\/dining\/\" \/>\n<meta property=\"og:site_name\" content=\"The Pavilions Hotels &amp; Resorts\" \/>\n<meta property=\"article:modified_time\" content=\"2026-04-03T09:04:57+00:00\" \/>\n<meta name=\"twitter:card\" content=\"summary_large_image\" \/>\n<script type=\"application\/ld+json\" class=\"yoast-schema-graph\">{\"@context\":\"https:\\\/\\\/schema.org\",\"@graph\":[{\"@type\":\"WebPage\",\"@id\":\"https:\\\/\\\/www.pavilionshotels.com\\\/es\\\/destinations\\\/madrid\\\/casa-almagro\\\/dining\\\/\",\"url\":\"https:\\\/\\\/www.pavilionshotels.com\\\/es\\\/destinations\\\/madrid\\\/casa-almagro\\\/dining\\\/\",\"name\":\"Casa Almagro by The Pavilions | Gastronom\u00eda\",\"isPartOf\":{\"@id\":\"https:\\\/\\\/www.pavilionshotels.com\\\/es\\\/#website\"},\"datePublished\":\"2024-01-24T22:25:40+00:00\",\"dateModified\":\"2026-04-03T09:04:57+00:00\",\"description\":\"Descubra la gastronom\u00eda de Casa Almagro y comience el d\u00eda con un desayuno a la carta en un tranquilo jard\u00edn interior.\",\"breadcrumb\":{\"@id\":\"https:\\\/\\\/www.pavilionshotels.com\\\/es\\\/destinations\\\/madrid\\\/casa-almagro\\\/dining\\\/#breadcrumb\"},\"inLanguage\":\"es\",\"potentialAction\":[{\"@type\":\"ReadAction\",\"target\":[\"https:\\\/\\\/www.pavilionshotels.com\\\/es\\\/destinations\\\/madrid\\\/casa-almagro\\\/dining\\\/\"]}]},{\"@type\":\"BreadcrumbList\",\"@id\":\"https:\\\/\\\/www.pavilionshotels.com\\\/es\\\/destinations\\\/madrid\\\/casa-almagro\\\/dining\\\/#breadcrumb\",\"itemListElement\":[{\"@type\":\"ListItem\",\"position\":1,\"name\":\"Home\",\"item\":\"https:\\\/\\\/www.pavilionshotels.com\\\/es\\\/\"},{\"@type\":\"ListItem\",\"position\":2,\"name\":\"Destinations\",\"item\":\"https:\\\/\\\/www.pavilionshotels.com\\\/es\\\/destinations\\\/\"},{\"@type\":\"ListItem\",\"position\":3,\"name\":\"Madrid\",\"item\":\"https:\\\/\\\/www.pavilionshotels.com\\\/es\\\/destinations\\\/madrid\\\/\"},{\"@type\":\"ListItem\",\"position\":4,\"name\":\"Casa Almagro\",\"item\":\"https:\\\/\\\/www.pavilionshotels.com\\\/es\\\/destinations\\\/madrid\\\/casa-almagro\\\/\"},{\"@type\":\"ListItem\",\"position\":5,\"name\":\"Gastronom\u00eda\"}]},{\"@type\":\"WebSite\",\"@id\":\"https:\\\/\\\/www.pavilionshotels.com\\\/es\\\/#website\",\"url\":\"https:\\\/\\\/www.pavilionshotels.com\\\/es\\\/\",\"name\":\"The Pavilions Hotels &amp; Resorts\",\"description\":\"Your Curated Journey Starts Now\",\"publisher\":{\"@id\":\"https:\\\/\\\/www.pavilionshotels.com\\\/es\\\/#organization\"},\"potentialAction\":[{\"@type\":\"SearchAction\",\"target\":{\"@type\":\"EntryPoint\",\"urlTemplate\":\"https:\\\/\\\/www.pavilionshotels.com\\\/es\\\/?s={search_term_string}\"},\"query-input\":{\"@type\":\"PropertyValueSpecification\",\"valueRequired\":true,\"valueName\":\"search_term_string\"}}],\"inLanguage\":\"es\"},{\"@type\":\"Organization\",\"@id\":\"https:\\\/\\\/www.pavilionshotels.com\\\/es\\\/#organization\",\"name\":\"The Pavilions Hotels &amp; Resorts\",\"url\":\"https:\\\/\\\/www.pavilionshotels.com\\\/es\\\/\",\"logo\":{\"@type\":\"ImageObject\",\"inLanguage\":\"es\",\"@id\":\"https:\\\/\\\/www.pavilionshotels.com\\\/es\\\/#\\\/schema\\\/logo\\\/image\\\/\",\"url\":\"https:\\\/\\\/www.pavilionshotels.com\\\/wp-content\\\/uploads\\\/2024\\\/02\\\/pavilions-logo.png\",\"contentUrl\":\"https:\\\/\\\/www.pavilionshotels.com\\\/wp-content\\\/uploads\\\/2024\\\/02\\\/pavilions-logo.png\",\"width\":256,\"height\":256,\"caption\":\"The Pavilions Hotels &amp; Resorts\"},\"image\":{\"@id\":\"https:\\\/\\\/www.pavilionshotels.com\\\/es\\\/#\\\/schema\\\/logo\\\/image\\\/\"}}]}<\/script>\n<!-- \/ Yoast SEO plugin. -->","yoast_head_json":{"title":"Casa Almagro by The Pavilions | Gastronom\u00eda","description":"Descubra la gastronom\u00eda de Casa Almagro y comience el d\u00eda con un desayuno a la carta en un tranquilo jard\u00edn interior.","robots":{"index":"index","follow":"follow","max-snippet":"max-snippet:-1","max-image-preview":"max-image-preview:large","max-video-preview":"max-video-preview:-1"},"canonical":"https:\/\/www.pavilionshotels.com\/es\/destinations\/madrid\/casa-almagro\/dining\/","og_locale":"es_ES","og_type":"article","og_title":"Casa Almagro by The Pavilions | Gastronom\u00eda","og_description":"Descubra la gastronom\u00eda de Casa Almagro y comience el d\u00eda con un desayuno a la carta en un tranquilo jard\u00edn interior.","og_url":"https:\/\/www.pavilionshotels.com\/es\/destinations\/madrid\/casa-almagro\/dining\/","og_site_name":"The Pavilions Hotels &amp; Resorts","article_modified_time":"2026-04-03T09:04:57+00:00","twitter_card":"summary_large_image","schema":{"@context":"https:\/\/schema.org","@graph":[{"@type":"WebPage","@id":"https:\/\/www.pavilionshotels.com\/es\/destinations\/madrid\/casa-almagro\/dining\/","url":"https:\/\/www.pavilionshotels.com\/es\/destinations\/madrid\/casa-almagro\/dining\/","name":"Casa Almagro by The Pavilions | Gastronom\u00eda","isPartOf":{"@id":"https:\/\/www.pavilionshotels.com\/es\/#website"},"datePublished":"2024-01-24T22:25:40+00:00","dateModified":"2026-04-03T09:04:57+00:00","description":"Descubra la gastronom\u00eda de Casa Almagro y comience el d\u00eda con un desayuno a la carta en un tranquilo jard\u00edn interior.","breadcrumb":{"@id":"https:\/\/www.pavilionshotels.com\/es\/destinations\/madrid\/casa-almagro\/dining\/#breadcrumb"},"inLanguage":"es","potentialAction":[{"@type":"ReadAction","target":["https:\/\/www.pavilionshotels.com\/es\/destinations\/madrid\/casa-almagro\/dining\/"]}]},{"@type":"BreadcrumbList","@id":"https:\/\/www.pavilionshotels.com\/es\/destinations\/madrid\/casa-almagro\/dining\/#breadcrumb","itemListElement":[{"@type":"ListItem","position":1,"name":"Home","item":"https:\/\/www.pavilionshotels.com\/es\/"},{"@type":"ListItem","position":2,"name":"Destinations","item":"https:\/\/www.pavilionshotels.com\/es\/destinations\/"},{"@type":"ListItem","position":3,"name":"Madrid","item":"https:\/\/www.pavilionshotels.com\/es\/destinations\/madrid\/"},{"@type":"ListItem","position":4,"name":"Casa Almagro","item":"https:\/\/www.pavilionshotels.com\/es\/destinations\/madrid\/casa-almagro\/"},{"@type":"ListItem","position":5,"name":"Gastronom\u00eda"}]},{"@type":"WebSite","@id":"https:\/\/www.pavilionshotels.com\/es\/#website","url":"https:\/\/www.pavilionshotels.com\/es\/","name":"The Pavilions Hotels &amp; Resorts","description":"Your Curated Journey Starts Now","publisher":{"@id":"https:\/\/www.pavilionshotels.com\/es\/#organization"},"potentialAction":[{"@type":"SearchAction","target":{"@type":"EntryPoint","urlTemplate":"https:\/\/www.pavilionshotels.com\/es\/?s={search_term_string}"},"query-input":{"@type":"PropertyValueSpecification","valueRequired":true,"valueName":"search_term_string"}}],"inLanguage":"es"},{"@type":"Organization","@id":"https:\/\/www.pavilionshotels.com\/es\/#organization","name":"The Pavilions Hotels &amp; Resorts","url":"https:\/\/www.pavilionshotels.com\/es\/","logo":{"@type":"ImageObject","inLanguage":"es","@id":"https:\/\/www.pavilionshotels.com\/es\/#\/schema\/logo\/image\/","url":"https:\/\/www.pavilionshotels.com\/wp-content\/uploads\/2024\/02\/pavilions-logo.png","contentUrl":"https:\/\/www.pavilionshotels.com\/wp-content\/uploads\/2024\/02\/pavilions-logo.png","width":256,"height":256,"caption":"The Pavilions Hotels &amp; Resorts"},"image":{"@id":"https:\/\/www.pavilionshotels.com\/es\/#\/schema\/logo\/image\/"}}]}},"_links":{"self":[{"href":"https:\/\/www.pavilionshotels.com\/es\/wp-json\/wp\/v2\/pages\/126401","targetHints":{"allow":["GET"]}}],"collection":[{"href":"https:\/\/www.pavilionshotels.com\/es\/wp-json\/wp\/v2\/pages"}],"about":[{"href":"https:\/\/www.pavilionshotels.com\/es\/wp-json\/wp\/v2\/types\/page"}],"author":[{"embeddable":true,"href":"https:\/\/www.pavilionshotels.com\/es\/wp-json\/wp\/v2\/users\/1"}],"replies":[{"embeddable":true,"href":"https:\/\/www.pavilionshotels.com\/es\/wp-json\/wp\/v2\/comments?post=126401"}],"version-history":[{"count":5,"href":"https:\/\/www.pavilionshotels.com\/es\/wp-json\/wp\/v2\/pages\/126401\/revisions"}],"predecessor-version":[{"id":128000,"href":"https:\/\/www.pavilionshotels.com\/es\/wp-json\/wp\/v2\/pages\/126401\/revisions\/128000"}],"up":[{"embeddable":true,"href":"https:\/\/www.pavilionshotels.com\/es\/wp-json\/wp\/v2\/pages\/126407"}],"wp:attachment":[{"href":"https:\/\/www.pavilionshotels.com\/es\/wp-json\/wp\/v2\/media?parent=126401"}],"curies":[{"name":"wp","href":"https:\/\/api.w.org\/{rel}","templated":true}]}}