{"id":126386,"date":"2024-02-27T11:26:53","date_gmt":"2024-02-27T04:26:53","guid":{"rendered":"https:\/\/www.pavilionshotels.com\/deluxe-attic\/"},"modified":"2024-10-03T10:01:18","modified_gmt":"2024-10-03T03:01:18","slug":"deluxe-attic","status":"publish","type":"page","link":"https:\/\/www.pavilionshotels.com\/es\/destinations\/madrid\/casa-almagro\/stay\/habitaciones\/deluxe-attic\/","title":{"rendered":"Deluxe Attic"},"content":{"rendered":"<p>Sum\u00e9rjase en el tapiz cultural de Madrid con obras de arte de la Galer\u00eda Taller del Prado, mientras disfruta de la opulencia de un elegante cuarto de ba\u00f1o con ducha de lluvia rejuvenecedora y mucho m\u00e1s.<\/p>\n<div id=\"gtx-trans\" style=\"position: absolute; left: -33px; top: 0px;\">\n<div class=\"gtx-trans-icon\"><\/div>\n<\/div>\n","protected":false},"excerpt":{"rendered":"<p>Sum\u00e9rjase en el tapiz cultural de Madrid con obras de arte de la Galer\u00eda Taller del Prado, mientras disfruta de la opulencia de un elegante cuarto de ba\u00f1o con ducha de lluvia rejuvenecedora y mucho m\u00e1s.<\/p>\n","protected":false},"author":1,"featured_media":0,"parent":126392,"menu_order":0,"comment_status":"closed","ping_status":"closed","template":"templates\/room-detail.php","meta":{"footnotes":""},"class_list":["post-126386","page","type-page","status-publish","hentry"],"acf":[],"yoast_head":"<!-- This site is optimized with the Yoast SEO plugin v27.3 - https:\/\/yoast.com\/product\/yoast-seo-wordpress\/ -->\n<title>The Pavilions Hotels &amp; Resorts | Deluxe Attic<\/title>\n<meta name=\"robots\" content=\"index, follow, max-snippet:-1, max-image-preview:large, max-video-preview:-1\" \/>\n<link rel=\"canonical\" href=\"https:\/\/www.pavilionshotels.com\/es\/destinations\/madrid\/casa-almagro\/stay\/habitaciones\/deluxe-attic\/\" \/>\n<meta property=\"og:locale\" content=\"es_ES\" \/>\n<meta property=\"og:type\" content=\"article\" \/>\n<meta property=\"og:title\" content=\"The Pavilions Hotels &amp; Resorts | Deluxe Attic\" \/>\n<meta property=\"og:description\" content=\"Sum\u00e9rjase en el tapiz cultural de Madrid con obras de arte de la Galer\u00eda Taller del Prado, mientras disfruta de la opulencia de un elegante cuarto de ba\u00f1o con ducha de lluvia rejuvenecedora y mucho m\u00e1s.\" \/>\n<meta property=\"og:url\" content=\"https:\/\/www.pavilionshotels.com\/es\/destinations\/madrid\/casa-almagro\/stay\/habitaciones\/deluxe-attic\/\" \/>\n<meta property=\"og:site_name\" content=\"The Pavilions Hotels &amp; Resorts\" \/>\n<meta property=\"article:modified_time\" content=\"2024-10-03T03:01:18+00:00\" \/>\n<meta name=\"twitter:card\" content=\"summary_large_image\" \/>\n<meta name=\"twitter:label1\" content=\"Tiempo de lectura\" \/>\n\t<meta name=\"twitter:data1\" content=\"1 minuto\" \/>\n<script type=\"application\/ld+json\" class=\"yoast-schema-graph\">{\"@context\":\"https:\\\/\\\/schema.org\",\"@graph\":[{\"@type\":\"WebPage\",\"@id\":\"https:\\\/\\\/www.pavilionshotels.com\\\/es\\\/destinations\\\/madrid\\\/casa-almagro\\\/stay\\\/habitaciones\\\/deluxe-attic\\\/\",\"url\":\"https:\\\/\\\/www.pavilionshotels.com\\\/es\\\/destinations\\\/madrid\\\/casa-almagro\\\/stay\\\/habitaciones\\\/deluxe-attic\\\/\",\"name\":\"The Pavilions Hotels &amp; Resorts | Deluxe Attic\",\"isPartOf\":{\"@id\":\"https:\\\/\\\/www.pavilionshotels.com\\\/es\\\/#website\"},\"datePublished\":\"2024-02-27T04:26:53+00:00\",\"dateModified\":\"2024-10-03T03:01:18+00:00\",\"breadcrumb\":{\"@id\":\"https:\\\/\\\/www.pavilionshotels.com\\\/es\\\/destinations\\\/madrid\\\/casa-almagro\\\/stay\\\/habitaciones\\\/deluxe-attic\\\/#breadcrumb\"},\"inLanguage\":\"es\",\"potentialAction\":[{\"@type\":\"ReadAction\",\"target\":[\"https:\\\/\\\/www.pavilionshotels.com\\\/es\\\/destinations\\\/madrid\\\/casa-almagro\\\/stay\\\/habitaciones\\\/deluxe-attic\\\/\"]}]},{\"@type\":\"BreadcrumbList\",\"@id\":\"https:\\\/\\\/www.pavilionshotels.com\\\/es\\\/destinations\\\/madrid\\\/casa-almagro\\\/stay\\\/habitaciones\\\/deluxe-attic\\\/#breadcrumb\",\"itemListElement\":[{\"@type\":\"ListItem\",\"position\":1,\"name\":\"Home\",\"item\":\"https:\\\/\\\/www.pavilionshotels.com\\\/es\\\/\"},{\"@type\":\"ListItem\",\"position\":2,\"name\":\"Destinations\",\"item\":\"https:\\\/\\\/www.pavilionshotels.com\\\/es\\\/destinations\\\/\"},{\"@type\":\"ListItem\",\"position\":3,\"name\":\"Madrid\",\"item\":\"https:\\\/\\\/www.pavilionshotels.com\\\/es\\\/destinations\\\/madrid\\\/\"},{\"@type\":\"ListItem\",\"position\":4,\"name\":\"Casa Almagro\",\"item\":\"https:\\\/\\\/www.pavilionshotels.com\\\/es\\\/destinations\\\/madrid\\\/casa-almagro\\\/\"},{\"@type\":\"ListItem\",\"position\":5,\"name\":\"Habitaciones\",\"item\":\"https:\\\/\\\/www.pavilionshotels.com\\\/es\\\/destinations\\\/madrid\\\/casa-almagro\\\/stay\\\/\"},{\"@type\":\"ListItem\",\"position\":6,\"name\":\"Habitaciones\",\"item\":\"https:\\\/\\\/www.pavilionshotels.com\\\/es\\\/destinations\\\/madrid\\\/casa-almagro\\\/stay\\\/habitaciones\\\/\"},{\"@type\":\"ListItem\",\"position\":7,\"name\":\"Deluxe Attic\"}]},{\"@type\":\"WebSite\",\"@id\":\"https:\\\/\\\/www.pavilionshotels.com\\\/es\\\/#website\",\"url\":\"https:\\\/\\\/www.pavilionshotels.com\\\/es\\\/\",\"name\":\"The Pavilions Hotels &amp; Resorts\",\"description\":\"Your Curated Journey Starts Now\",\"publisher\":{\"@id\":\"https:\\\/\\\/www.pavilionshotels.com\\\/es\\\/#organization\"},\"potentialAction\":[{\"@type\":\"SearchAction\",\"target\":{\"@type\":\"EntryPoint\",\"urlTemplate\":\"https:\\\/\\\/www.pavilionshotels.com\\\/es\\\/?s={search_term_string}\"},\"query-input\":{\"@type\":\"PropertyValueSpecification\",\"valueRequired\":true,\"valueName\":\"search_term_string\"}}],\"inLanguage\":\"es\"},{\"@type\":\"Organization\",\"@id\":\"https:\\\/\\\/www.pavilionshotels.com\\\/es\\\/#organization\",\"name\":\"The Pavilions Hotels &amp; Resorts\",\"url\":\"https:\\\/\\\/www.pavilionshotels.com\\\/es\\\/\",\"logo\":{\"@type\":\"ImageObject\",\"inLanguage\":\"es\",\"@id\":\"https:\\\/\\\/www.pavilionshotels.com\\\/es\\\/#\\\/schema\\\/logo\\\/image\\\/\",\"url\":\"https:\\\/\\\/www.pavilionshotels.com\\\/wp-content\\\/uploads\\\/2024\\\/02\\\/pavilions-logo.png\",\"contentUrl\":\"https:\\\/\\\/www.pavilionshotels.com\\\/wp-content\\\/uploads\\\/2024\\\/02\\\/pavilions-logo.png\",\"width\":256,\"height\":256,\"caption\":\"The Pavilions Hotels &amp; Resorts\"},\"image\":{\"@id\":\"https:\\\/\\\/www.pavilionshotels.com\\\/es\\\/#\\\/schema\\\/logo\\\/image\\\/\"}}]}<\/script>\n<!-- \/ Yoast SEO plugin. -->","yoast_head_json":{"title":"The Pavilions Hotels &amp; Resorts | Deluxe Attic","robots":{"index":"index","follow":"follow","max-snippet":"max-snippet:-1","max-image-preview":"max-image-preview:large","max-video-preview":"max-video-preview:-1"},"canonical":"https:\/\/www.pavilionshotels.com\/es\/destinations\/madrid\/casa-almagro\/stay\/habitaciones\/deluxe-attic\/","og_locale":"es_ES","og_type":"article","og_title":"The Pavilions Hotels &amp; Resorts | Deluxe Attic","og_description":"Sum\u00e9rjase en el tapiz cultural de Madrid con obras de arte de la Galer\u00eda Taller del Prado, mientras disfruta de la opulencia de un elegante cuarto de ba\u00f1o con ducha de lluvia rejuvenecedora y mucho m\u00e1s.","og_url":"https:\/\/www.pavilionshotels.com\/es\/destinations\/madrid\/casa-almagro\/stay\/habitaciones\/deluxe-attic\/","og_site_name":"The Pavilions Hotels &amp; Resorts","article_modified_time":"2024-10-03T03:01:18+00:00","twitter_card":"summary_large_image","twitter_misc":{"Tiempo de lectura":"1 minuto"},"schema":{"@context":"https:\/\/schema.org","@graph":[{"@type":"WebPage","@id":"https:\/\/www.pavilionshotels.com\/es\/destinations\/madrid\/casa-almagro\/stay\/habitaciones\/deluxe-attic\/","url":"https:\/\/www.pavilionshotels.com\/es\/destinations\/madrid\/casa-almagro\/stay\/habitaciones\/deluxe-attic\/","name":"The Pavilions Hotels &amp; Resorts | Deluxe Attic","isPartOf":{"@id":"https:\/\/www.pavilionshotels.com\/es\/#website"},"datePublished":"2024-02-27T04:26:53+00:00","dateModified":"2024-10-03T03:01:18+00:00","breadcrumb":{"@id":"https:\/\/www.pavilionshotels.com\/es\/destinations\/madrid\/casa-almagro\/stay\/habitaciones\/deluxe-attic\/#breadcrumb"},"inLanguage":"es","potentialAction":[{"@type":"ReadAction","target":["https:\/\/www.pavilionshotels.com\/es\/destinations\/madrid\/casa-almagro\/stay\/habitaciones\/deluxe-attic\/"]}]},{"@type":"BreadcrumbList","@id":"https:\/\/www.pavilionshotels.com\/es\/destinations\/madrid\/casa-almagro\/stay\/habitaciones\/deluxe-attic\/#breadcrumb","itemListElement":[{"@type":"ListItem","position":1,"name":"Home","item":"https:\/\/www.pavilionshotels.com\/es\/"},{"@type":"ListItem","position":2,"name":"Destinations","item":"https:\/\/www.pavilionshotels.com\/es\/destinations\/"},{"@type":"ListItem","position":3,"name":"Madrid","item":"https:\/\/www.pavilionshotels.com\/es\/destinations\/madrid\/"},{"@type":"ListItem","position":4,"name":"Casa Almagro","item":"https:\/\/www.pavilionshotels.com\/es\/destinations\/madrid\/casa-almagro\/"},{"@type":"ListItem","position":5,"name":"Habitaciones","item":"https:\/\/www.pavilionshotels.com\/es\/destinations\/madrid\/casa-almagro\/stay\/"},{"@type":"ListItem","position":6,"name":"Habitaciones","item":"https:\/\/www.pavilionshotels.com\/es\/destinations\/madrid\/casa-almagro\/stay\/habitaciones\/"},{"@type":"ListItem","position":7,"name":"Deluxe Attic"}]},{"@type":"WebSite","@id":"https:\/\/www.pavilionshotels.com\/es\/#website","url":"https:\/\/www.pavilionshotels.com\/es\/","name":"The Pavilions Hotels &amp; Resorts","description":"Your Curated Journey Starts Now","publisher":{"@id":"https:\/\/www.pavilionshotels.com\/es\/#organization"},"potentialAction":[{"@type":"SearchAction","target":{"@type":"EntryPoint","urlTemplate":"https:\/\/www.pavilionshotels.com\/es\/?s={search_term_string}"},"query-input":{"@type":"PropertyValueSpecification","valueRequired":true,"valueName":"search_term_string"}}],"inLanguage":"es"},{"@type":"Organization","@id":"https:\/\/www.pavilionshotels.com\/es\/#organization","name":"The Pavilions Hotels &amp; Resorts","url":"https:\/\/www.pavilionshotels.com\/es\/","logo":{"@type":"ImageObject","inLanguage":"es","@id":"https:\/\/www.pavilionshotels.com\/es\/#\/schema\/logo\/image\/","url":"https:\/\/www.pavilionshotels.com\/wp-content\/uploads\/2024\/02\/pavilions-logo.png","contentUrl":"https:\/\/www.pavilionshotels.com\/wp-content\/uploads\/2024\/02\/pavilions-logo.png","width":256,"height":256,"caption":"The Pavilions Hotels &amp; Resorts"},"image":{"@id":"https:\/\/www.pavilionshotels.com\/es\/#\/schema\/logo\/image\/"}}]}},"_links":{"self":[{"href":"https:\/\/www.pavilionshotels.com\/es\/wp-json\/wp\/v2\/pages\/126386","targetHints":{"allow":["GET"]}}],"collection":[{"href":"https:\/\/www.pavilionshotels.com\/es\/wp-json\/wp\/v2\/pages"}],"about":[{"href":"https:\/\/www.pavilionshotels.com\/es\/wp-json\/wp\/v2\/types\/page"}],"author":[{"embeddable":true,"href":"https:\/\/www.pavilionshotels.com\/es\/wp-json\/wp\/v2\/users\/1"}],"replies":[{"embeddable":true,"href":"https:\/\/www.pavilionshotels.com\/es\/wp-json\/wp\/v2\/comments?post=126386"}],"version-history":[{"count":5,"href":"https:\/\/www.pavilionshotels.com\/es\/wp-json\/wp\/v2\/pages\/126386\/revisions"}],"predecessor-version":[{"id":127787,"href":"https:\/\/www.pavilionshotels.com\/es\/wp-json\/wp\/v2\/pages\/126386\/revisions\/127787"}],"up":[{"embeddable":true,"href":"https:\/\/www.pavilionshotels.com\/es\/wp-json\/wp\/v2\/pages\/126392"}],"wp:attachment":[{"href":"https:\/\/www.pavilionshotels.com\/es\/wp-json\/wp\/v2\/media?parent=126386"}],"curies":[{"name":"wp","href":"https:\/\/api.w.org\/{rel}","templated":true}]}}