{"id":126383,"date":"2024-02-27T11:35:21","date_gmt":"2024-02-27T04:35:21","guid":{"rendered":"https:\/\/www.pavilionshotels.com\/family-suite\/"},"modified":"2026-04-03T16:10:27","modified_gmt":"2026-04-03T09:10:27","slug":"family-suite","status":"publish","type":"page","link":"https:\/\/www.pavilionshotels.com\/es\/destinations\/madrid\/casa-almagro\/stay\/suites\/family-suite\/","title":{"rendered":"Family Attic with Terrace"},"content":{"rendered":"<p>Disfrute del lujo de un elegante cuarto de ba\u00f1o con una refrescante ducha de efecto lluvia y la tecnolog\u00eda m\u00e1s avanzada para mejorar su estancia. Experimente los toques caracter\u00edsticos de Pavilions, incluidos los art\u00edculos de tocador de lujo, una minibiblioteca para inspirar sus viajes y una cafetera Nespresso, que garantizan que cada escapada nocturna a Madrid se realice con una comodidad y conveniencia incomparables.<\/p>\n","protected":false},"excerpt":{"rendered":"<p>Disfrute del lujo de un elegante cuarto de ba\u00f1o con una refrescante ducha de efecto lluvia y la tecnolog\u00eda m\u00e1s avanzada para mejorar su estancia. Experimente los toques caracter\u00edsticos de Pavilions, incluidos los art\u00edculos de tocador de lujo, una minibiblioteca para inspirar sus viajes y una cafetera Nespresso, que garantizan que cada escapada nocturna a [&hellip;]<\/p>\n","protected":false},"author":1,"featured_media":0,"parent":126389,"menu_order":0,"comment_status":"closed","ping_status":"closed","template":"templates\/room-detail.php","meta":{"footnotes":""},"class_list":["post-126383","page","type-page","status-publish","hentry"],"acf":[],"yoast_head":"<!-- This site is optimized with the Yoast SEO plugin v27.3 - https:\/\/yoast.com\/product\/yoast-seo-wordpress\/ -->\n<title>Casa Almagro | Habitaci\u00f3n Familiar en Madrid<\/title>\n<meta name=\"robots\" content=\"index, follow, max-snippet:-1, max-image-preview:large, max-video-preview:-1\" \/>\n<link rel=\"canonical\" href=\"https:\/\/www.pavilionshotels.com\/es\/destinations\/madrid\/casa-almagro\/stay\/suites\/family-suite\/\" \/>\n<meta property=\"og:locale\" content=\"es_ES\" \/>\n<meta property=\"og:type\" content=\"article\" \/>\n<meta property=\"og:title\" content=\"Casa Almagro | Habitaci\u00f3n Familiar en Madrid\" \/>\n<meta property=\"og:description\" content=\"Disfrute del lujo de un elegante cuarto de ba\u00f1o con una refrescante ducha de efecto lluvia y la tecnolog\u00eda m\u00e1s avanzada para mejorar su estancia. Experimente los toques caracter\u00edsticos de Pavilions, incluidos los art\u00edculos de tocador de lujo, una minibiblioteca para inspirar sus viajes y una cafetera Nespresso, que garantizan que cada escapada nocturna a [&hellip;]\" \/>\n<meta property=\"og:url\" content=\"https:\/\/www.pavilionshotels.com\/es\/destinations\/madrid\/casa-almagro\/stay\/suites\/family-suite\/\" \/>\n<meta property=\"og:site_name\" content=\"The Pavilions Hotels &amp; Resorts\" \/>\n<meta property=\"article:modified_time\" content=\"2026-04-03T09:10:27+00:00\" \/>\n<meta name=\"twitter:card\" content=\"summary_large_image\" \/>\n<meta name=\"twitter:label1\" content=\"Tiempo de lectura\" \/>\n\t<meta name=\"twitter:data1\" content=\"1 minuto\" \/>\n<script type=\"application\/ld+json\" class=\"yoast-schema-graph\">{\"@context\":\"https:\\\/\\\/schema.org\",\"@graph\":[{\"@type\":\"WebPage\",\"@id\":\"https:\\\/\\\/www.pavilionshotels.com\\\/es\\\/destinations\\\/madrid\\\/casa-almagro\\\/stay\\\/suites\\\/family-suite\\\/\",\"url\":\"https:\\\/\\\/www.pavilionshotels.com\\\/es\\\/destinations\\\/madrid\\\/casa-almagro\\\/stay\\\/suites\\\/family-suite\\\/\",\"name\":\"Casa Almagro | Habitaci\u00f3n Familiar en Madrid\",\"isPartOf\":{\"@id\":\"https:\\\/\\\/www.pavilionshotels.com\\\/es\\\/#website\"},\"datePublished\":\"2024-02-27T04:35:21+00:00\",\"dateModified\":\"2026-04-03T09:10:27+00:00\",\"breadcrumb\":{\"@id\":\"https:\\\/\\\/www.pavilionshotels.com\\\/es\\\/destinations\\\/madrid\\\/casa-almagro\\\/stay\\\/suites\\\/family-suite\\\/#breadcrumb\"},\"inLanguage\":\"es\",\"potentialAction\":[{\"@type\":\"ReadAction\",\"target\":[\"https:\\\/\\\/www.pavilionshotels.com\\\/es\\\/destinations\\\/madrid\\\/casa-almagro\\\/stay\\\/suites\\\/family-suite\\\/\"]}]},{\"@type\":\"BreadcrumbList\",\"@id\":\"https:\\\/\\\/www.pavilionshotels.com\\\/es\\\/destinations\\\/madrid\\\/casa-almagro\\\/stay\\\/suites\\\/family-suite\\\/#breadcrumb\",\"itemListElement\":[{\"@type\":\"ListItem\",\"position\":1,\"name\":\"Home\",\"item\":\"https:\\\/\\\/www.pavilionshotels.com\\\/es\\\/\"},{\"@type\":\"ListItem\",\"position\":2,\"name\":\"Destinations\",\"item\":\"https:\\\/\\\/www.pavilionshotels.com\\\/es\\\/destinations\\\/\"},{\"@type\":\"ListItem\",\"position\":3,\"name\":\"Madrid\",\"item\":\"https:\\\/\\\/www.pavilionshotels.com\\\/es\\\/destinations\\\/madrid\\\/\"},{\"@type\":\"ListItem\",\"position\":4,\"name\":\"Casa Almagro\",\"item\":\"https:\\\/\\\/www.pavilionshotels.com\\\/es\\\/destinations\\\/madrid\\\/casa-almagro\\\/\"},{\"@type\":\"ListItem\",\"position\":5,\"name\":\"Habitaciones\",\"item\":\"https:\\\/\\\/www.pavilionshotels.com\\\/es\\\/destinations\\\/madrid\\\/casa-almagro\\\/stay\\\/\"},{\"@type\":\"ListItem\",\"position\":6,\"name\":\"Suites\",\"item\":\"https:\\\/\\\/www.pavilionshotels.com\\\/es\\\/destinations\\\/madrid\\\/casa-almagro\\\/stay\\\/suites\\\/\"},{\"@type\":\"ListItem\",\"position\":7,\"name\":\"Family Attic with Terrace\"}]},{\"@type\":\"WebSite\",\"@id\":\"https:\\\/\\\/www.pavilionshotels.com\\\/es\\\/#website\",\"url\":\"https:\\\/\\\/www.pavilionshotels.com\\\/es\\\/\",\"name\":\"The Pavilions Hotels &amp; Resorts\",\"description\":\"Your Curated Journey Starts Now\",\"publisher\":{\"@id\":\"https:\\\/\\\/www.pavilionshotels.com\\\/es\\\/#organization\"},\"potentialAction\":[{\"@type\":\"SearchAction\",\"target\":{\"@type\":\"EntryPoint\",\"urlTemplate\":\"https:\\\/\\\/www.pavilionshotels.com\\\/es\\\/?s={search_term_string}\"},\"query-input\":{\"@type\":\"PropertyValueSpecification\",\"valueRequired\":true,\"valueName\":\"search_term_string\"}}],\"inLanguage\":\"es\"},{\"@type\":\"Organization\",\"@id\":\"https:\\\/\\\/www.pavilionshotels.com\\\/es\\\/#organization\",\"name\":\"The Pavilions Hotels &amp; Resorts\",\"url\":\"https:\\\/\\\/www.pavilionshotels.com\\\/es\\\/\",\"logo\":{\"@type\":\"ImageObject\",\"inLanguage\":\"es\",\"@id\":\"https:\\\/\\\/www.pavilionshotels.com\\\/es\\\/#\\\/schema\\\/logo\\\/image\\\/\",\"url\":\"https:\\\/\\\/www.pavilionshotels.com\\\/wp-content\\\/uploads\\\/2024\\\/02\\\/pavilions-logo.png\",\"contentUrl\":\"https:\\\/\\\/www.pavilionshotels.com\\\/wp-content\\\/uploads\\\/2024\\\/02\\\/pavilions-logo.png\",\"width\":256,\"height\":256,\"caption\":\"The Pavilions Hotels &amp; Resorts\"},\"image\":{\"@id\":\"https:\\\/\\\/www.pavilionshotels.com\\\/es\\\/#\\\/schema\\\/logo\\\/image\\\/\"}}]}<\/script>\n<!-- \/ Yoast SEO plugin. -->","yoast_head_json":{"title":"Casa Almagro | Habitaci\u00f3n Familiar en Madrid","robots":{"index":"index","follow":"follow","max-snippet":"max-snippet:-1","max-image-preview":"max-image-preview:large","max-video-preview":"max-video-preview:-1"},"canonical":"https:\/\/www.pavilionshotels.com\/es\/destinations\/madrid\/casa-almagro\/stay\/suites\/family-suite\/","og_locale":"es_ES","og_type":"article","og_title":"Casa Almagro | Habitaci\u00f3n Familiar en Madrid","og_description":"Disfrute del lujo de un elegante cuarto de ba\u00f1o con una refrescante ducha de efecto lluvia y la tecnolog\u00eda m\u00e1s avanzada para mejorar su estancia. Experimente los toques caracter\u00edsticos de Pavilions, incluidos los art\u00edculos de tocador de lujo, una minibiblioteca para inspirar sus viajes y una cafetera Nespresso, que garantizan que cada escapada nocturna a [&hellip;]","og_url":"https:\/\/www.pavilionshotels.com\/es\/destinations\/madrid\/casa-almagro\/stay\/suites\/family-suite\/","og_site_name":"The Pavilions Hotels &amp; Resorts","article_modified_time":"2026-04-03T09:10:27+00:00","twitter_card":"summary_large_image","twitter_misc":{"Tiempo de lectura":"1 minuto"},"schema":{"@context":"https:\/\/schema.org","@graph":[{"@type":"WebPage","@id":"https:\/\/www.pavilionshotels.com\/es\/destinations\/madrid\/casa-almagro\/stay\/suites\/family-suite\/","url":"https:\/\/www.pavilionshotels.com\/es\/destinations\/madrid\/casa-almagro\/stay\/suites\/family-suite\/","name":"Casa Almagro | Habitaci\u00f3n Familiar en Madrid","isPartOf":{"@id":"https:\/\/www.pavilionshotels.com\/es\/#website"},"datePublished":"2024-02-27T04:35:21+00:00","dateModified":"2026-04-03T09:10:27+00:00","breadcrumb":{"@id":"https:\/\/www.pavilionshotels.com\/es\/destinations\/madrid\/casa-almagro\/stay\/suites\/family-suite\/#breadcrumb"},"inLanguage":"es","potentialAction":[{"@type":"ReadAction","target":["https:\/\/www.pavilionshotels.com\/es\/destinations\/madrid\/casa-almagro\/stay\/suites\/family-suite\/"]}]},{"@type":"BreadcrumbList","@id":"https:\/\/www.pavilionshotels.com\/es\/destinations\/madrid\/casa-almagro\/stay\/suites\/family-suite\/#breadcrumb","itemListElement":[{"@type":"ListItem","position":1,"name":"Home","item":"https:\/\/www.pavilionshotels.com\/es\/"},{"@type":"ListItem","position":2,"name":"Destinations","item":"https:\/\/www.pavilionshotels.com\/es\/destinations\/"},{"@type":"ListItem","position":3,"name":"Madrid","item":"https:\/\/www.pavilionshotels.com\/es\/destinations\/madrid\/"},{"@type":"ListItem","position":4,"name":"Casa Almagro","item":"https:\/\/www.pavilionshotels.com\/es\/destinations\/madrid\/casa-almagro\/"},{"@type":"ListItem","position":5,"name":"Habitaciones","item":"https:\/\/www.pavilionshotels.com\/es\/destinations\/madrid\/casa-almagro\/stay\/"},{"@type":"ListItem","position":6,"name":"Suites","item":"https:\/\/www.pavilionshotels.com\/es\/destinations\/madrid\/casa-almagro\/stay\/suites\/"},{"@type":"ListItem","position":7,"name":"Family Attic with Terrace"}]},{"@type":"WebSite","@id":"https:\/\/www.pavilionshotels.com\/es\/#website","url":"https:\/\/www.pavilionshotels.com\/es\/","name":"The Pavilions Hotels &amp; Resorts","description":"Your Curated Journey Starts Now","publisher":{"@id":"https:\/\/www.pavilionshotels.com\/es\/#organization"},"potentialAction":[{"@type":"SearchAction","target":{"@type":"EntryPoint","urlTemplate":"https:\/\/www.pavilionshotels.com\/es\/?s={search_term_string}"},"query-input":{"@type":"PropertyValueSpecification","valueRequired":true,"valueName":"search_term_string"}}],"inLanguage":"es"},{"@type":"Organization","@id":"https:\/\/www.pavilionshotels.com\/es\/#organization","name":"The Pavilions Hotels &amp; Resorts","url":"https:\/\/www.pavilionshotels.com\/es\/","logo":{"@type":"ImageObject","inLanguage":"es","@id":"https:\/\/www.pavilionshotels.com\/es\/#\/schema\/logo\/image\/","url":"https:\/\/www.pavilionshotels.com\/wp-content\/uploads\/2024\/02\/pavilions-logo.png","contentUrl":"https:\/\/www.pavilionshotels.com\/wp-content\/uploads\/2024\/02\/pavilions-logo.png","width":256,"height":256,"caption":"The Pavilions Hotels &amp; Resorts"},"image":{"@id":"https:\/\/www.pavilionshotels.com\/es\/#\/schema\/logo\/image\/"}}]}},"_links":{"self":[{"href":"https:\/\/www.pavilionshotels.com\/es\/wp-json\/wp\/v2\/pages\/126383","targetHints":{"allow":["GET"]}}],"collection":[{"href":"https:\/\/www.pavilionshotels.com\/es\/wp-json\/wp\/v2\/pages"}],"about":[{"href":"https:\/\/www.pavilionshotels.com\/es\/wp-json\/wp\/v2\/types\/page"}],"author":[{"embeddable":true,"href":"https:\/\/www.pavilionshotels.com\/es\/wp-json\/wp\/v2\/users\/1"}],"replies":[{"embeddable":true,"href":"https:\/\/www.pavilionshotels.com\/es\/wp-json\/wp\/v2\/comments?post=126383"}],"version-history":[{"count":7,"href":"https:\/\/www.pavilionshotels.com\/es\/wp-json\/wp\/v2\/pages\/126383\/revisions"}],"predecessor-version":[{"id":131561,"href":"https:\/\/www.pavilionshotels.com\/es\/wp-json\/wp\/v2\/pages\/126383\/revisions\/131561"}],"up":[{"embeddable":true,"href":"https:\/\/www.pavilionshotels.com\/es\/wp-json\/wp\/v2\/pages\/126389"}],"wp:attachment":[{"href":"https:\/\/www.pavilionshotels.com\/es\/wp-json\/wp\/v2\/media?parent=126383"}],"curies":[{"name":"wp","href":"https:\/\/api.w.org\/{rel}","templated":true}]}}