{"id":126379,"date":"2024-02-27T11:27:50","date_gmt":"2024-02-27T04:27:50","guid":{"rendered":"https:\/\/www.pavilionshotels.com\/deluxe-attic-con-terraza\/"},"modified":"2024-10-03T10:01:55","modified_gmt":"2024-10-03T03:01:55","slug":"deluxe-attic-con-terraza","status":"publish","type":"page","link":"https:\/\/www.pavilionshotels.com\/es\/destinations\/madrid\/casa-almagro\/stay\/habitaciones\/deluxe-attic-con-terraza\/","title":{"rendered":"Deluxe Attic con terraza"},"content":{"rendered":"<p>Nuestro santuario en la azotea, \u00a1donde el lujo se une a unas vistas impresionantes! Este amplio refugio cuenta con un lujoso dormitorio de 15 m2 y una amplia terraza de 30 m2, que ofrece unas vistas incomparables de la majestuosa Plaza de Col\u00f3n y m\u00e1s all\u00e1. Disfrute del esplendor del paisaje panor\u00e1mico desde su zona de estar privada, mientras se sumerge en la esencia del encanto de Madrid. Dentro, descubra una zona de estar cuidadosamente dise\u00f1ada, adornada con un sof\u00e1 que rinde homenaje a la arquitectura madrile\u00f1a, complementada con obras de arte de la Galer\u00eda Taller del Prado. Del\u00e9itese con la opulencia de un cuarto de ba\u00f1o revestido de m\u00e1rmol, equipado con lo \u00faltimo en tecnolog\u00eda moderna para su mayor comodidad.<\/p>\n","protected":false},"excerpt":{"rendered":"<p>Nuestro santuario en la azotea, \u00a1donde el lujo se une a unas vistas impresionantes! Este amplio refugio cuenta con un lujoso dormitorio de 15 m2 y una amplia terraza de 30 m2, que ofrece unas vistas incomparables de la majestuosa Plaza de Col\u00f3n y m\u00e1s all\u00e1. Disfrute del esplendor del paisaje panor\u00e1mico desde su zona [&hellip;]<\/p>\n","protected":false},"author":1,"featured_media":0,"parent":126392,"menu_order":0,"comment_status":"closed","ping_status":"closed","template":"templates\/room-detail.php","meta":{"footnotes":""},"class_list":["post-126379","page","type-page","status-publish","hentry"],"acf":[],"yoast_head":"<!-- This site is optimized with the Yoast SEO plugin v27.4 - https:\/\/yoast.com\/product\/yoast-seo-wordpress\/ -->\n<title>The Pavilions Hotels &amp; Resorts | Deluxe Attic con terraza<\/title>\n<meta name=\"robots\" content=\"index, follow, max-snippet:-1, max-image-preview:large, max-video-preview:-1\" \/>\n<link rel=\"canonical\" href=\"https:\/\/www.pavilionshotels.com\/es\/destinations\/madrid\/casa-almagro\/stay\/habitaciones\/deluxe-attic-con-terraza\/\" \/>\n<meta property=\"og:locale\" content=\"es_ES\" \/>\n<meta property=\"og:type\" content=\"article\" \/>\n<meta property=\"og:title\" content=\"The Pavilions Hotels &amp; Resorts | Deluxe Attic con terraza\" \/>\n<meta property=\"og:description\" content=\"Nuestro santuario en la azotea, \u00a1donde el lujo se une a unas vistas impresionantes! Este amplio refugio cuenta con un lujoso dormitorio de 15 m2 y una amplia terraza de 30 m2, que ofrece unas vistas incomparables de la majestuosa Plaza de Col\u00f3n y m\u00e1s all\u00e1. Disfrute del esplendor del paisaje panor\u00e1mico desde su zona [&hellip;]\" \/>\n<meta property=\"og:url\" content=\"https:\/\/www.pavilionshotels.com\/es\/destinations\/madrid\/casa-almagro\/stay\/habitaciones\/deluxe-attic-con-terraza\/\" \/>\n<meta property=\"og:site_name\" content=\"The Pavilions Hotels &amp; Resorts\" \/>\n<meta property=\"article:modified_time\" content=\"2024-10-03T03:01:55+00:00\" \/>\n<meta name=\"twitter:card\" content=\"summary_large_image\" \/>\n<meta name=\"twitter:label1\" content=\"Tiempo de lectura\" \/>\n\t<meta name=\"twitter:data1\" content=\"1 minuto\" \/>\n<script type=\"application\/ld+json\" class=\"yoast-schema-graph\">{\"@context\":\"https:\\\/\\\/schema.org\",\"@graph\":[{\"@type\":\"WebPage\",\"@id\":\"https:\\\/\\\/www.pavilionshotels.com\\\/es\\\/destinations\\\/madrid\\\/casa-almagro\\\/stay\\\/habitaciones\\\/deluxe-attic-con-terraza\\\/\",\"url\":\"https:\\\/\\\/www.pavilionshotels.com\\\/es\\\/destinations\\\/madrid\\\/casa-almagro\\\/stay\\\/habitaciones\\\/deluxe-attic-con-terraza\\\/\",\"name\":\"The Pavilions Hotels &amp; Resorts | Deluxe Attic con terraza\",\"isPartOf\":{\"@id\":\"https:\\\/\\\/www.pavilionshotels.com\\\/es\\\/#website\"},\"datePublished\":\"2024-02-27T04:27:50+00:00\",\"dateModified\":\"2024-10-03T03:01:55+00:00\",\"breadcrumb\":{\"@id\":\"https:\\\/\\\/www.pavilionshotels.com\\\/es\\\/destinations\\\/madrid\\\/casa-almagro\\\/stay\\\/habitaciones\\\/deluxe-attic-con-terraza\\\/#breadcrumb\"},\"inLanguage\":\"es\",\"potentialAction\":[{\"@type\":\"ReadAction\",\"target\":[\"https:\\\/\\\/www.pavilionshotels.com\\\/es\\\/destinations\\\/madrid\\\/casa-almagro\\\/stay\\\/habitaciones\\\/deluxe-attic-con-terraza\\\/\"]}]},{\"@type\":\"BreadcrumbList\",\"@id\":\"https:\\\/\\\/www.pavilionshotels.com\\\/es\\\/destinations\\\/madrid\\\/casa-almagro\\\/stay\\\/habitaciones\\\/deluxe-attic-con-terraza\\\/#breadcrumb\",\"itemListElement\":[{\"@type\":\"ListItem\",\"position\":1,\"name\":\"Home\",\"item\":\"https:\\\/\\\/www.pavilionshotels.com\\\/es\\\/\"},{\"@type\":\"ListItem\",\"position\":2,\"name\":\"Destinations\",\"item\":\"https:\\\/\\\/www.pavilionshotels.com\\\/es\\\/destinations\\\/\"},{\"@type\":\"ListItem\",\"position\":3,\"name\":\"Madrid\",\"item\":\"https:\\\/\\\/www.pavilionshotels.com\\\/es\\\/destinations\\\/madrid\\\/\"},{\"@type\":\"ListItem\",\"position\":4,\"name\":\"Casa Almagro\",\"item\":\"https:\\\/\\\/www.pavilionshotels.com\\\/es\\\/destinations\\\/madrid\\\/casa-almagro\\\/\"},{\"@type\":\"ListItem\",\"position\":5,\"name\":\"Habitaciones\",\"item\":\"https:\\\/\\\/www.pavilionshotels.com\\\/es\\\/destinations\\\/madrid\\\/casa-almagro\\\/stay\\\/\"},{\"@type\":\"ListItem\",\"position\":6,\"name\":\"Habitaciones\",\"item\":\"https:\\\/\\\/www.pavilionshotels.com\\\/es\\\/destinations\\\/madrid\\\/casa-almagro\\\/stay\\\/habitaciones\\\/\"},{\"@type\":\"ListItem\",\"position\":7,\"name\":\"Deluxe Attic con terraza\"}]},{\"@type\":\"WebSite\",\"@id\":\"https:\\\/\\\/www.pavilionshotels.com\\\/es\\\/#website\",\"url\":\"https:\\\/\\\/www.pavilionshotels.com\\\/es\\\/\",\"name\":\"The Pavilions Hotels &amp; Resorts\",\"description\":\"Your Curated Journey Starts Now\",\"publisher\":{\"@id\":\"https:\\\/\\\/www.pavilionshotels.com\\\/es\\\/#organization\"},\"potentialAction\":[{\"@type\":\"SearchAction\",\"target\":{\"@type\":\"EntryPoint\",\"urlTemplate\":\"https:\\\/\\\/www.pavilionshotels.com\\\/es\\\/?s={search_term_string}\"},\"query-input\":{\"@type\":\"PropertyValueSpecification\",\"valueRequired\":true,\"valueName\":\"search_term_string\"}}],\"inLanguage\":\"es\"},{\"@type\":\"Organization\",\"@id\":\"https:\\\/\\\/www.pavilionshotels.com\\\/es\\\/#organization\",\"name\":\"The Pavilions Hotels &amp; Resorts\",\"url\":\"https:\\\/\\\/www.pavilionshotels.com\\\/es\\\/\",\"logo\":{\"@type\":\"ImageObject\",\"inLanguage\":\"es\",\"@id\":\"https:\\\/\\\/www.pavilionshotels.com\\\/es\\\/#\\\/schema\\\/logo\\\/image\\\/\",\"url\":\"https:\\\/\\\/www.pavilionshotels.com\\\/wp-content\\\/uploads\\\/2024\\\/02\\\/pavilions-logo.png\",\"contentUrl\":\"https:\\\/\\\/www.pavilionshotels.com\\\/wp-content\\\/uploads\\\/2024\\\/02\\\/pavilions-logo.png\",\"width\":256,\"height\":256,\"caption\":\"The Pavilions Hotels &amp; Resorts\"},\"image\":{\"@id\":\"https:\\\/\\\/www.pavilionshotels.com\\\/es\\\/#\\\/schema\\\/logo\\\/image\\\/\"}}]}<\/script>\n<!-- \/ Yoast SEO plugin. -->","yoast_head_json":{"title":"The Pavilions Hotels &amp; Resorts | Deluxe Attic con terraza","robots":{"index":"index","follow":"follow","max-snippet":"max-snippet:-1","max-image-preview":"max-image-preview:large","max-video-preview":"max-video-preview:-1"},"canonical":"https:\/\/www.pavilionshotels.com\/es\/destinations\/madrid\/casa-almagro\/stay\/habitaciones\/deluxe-attic-con-terraza\/","og_locale":"es_ES","og_type":"article","og_title":"The Pavilions Hotels &amp; Resorts | Deluxe Attic con terraza","og_description":"Nuestro santuario en la azotea, \u00a1donde el lujo se une a unas vistas impresionantes! Este amplio refugio cuenta con un lujoso dormitorio de 15 m2 y una amplia terraza de 30 m2, que ofrece unas vistas incomparables de la majestuosa Plaza de Col\u00f3n y m\u00e1s all\u00e1. Disfrute del esplendor del paisaje panor\u00e1mico desde su zona [&hellip;]","og_url":"https:\/\/www.pavilionshotels.com\/es\/destinations\/madrid\/casa-almagro\/stay\/habitaciones\/deluxe-attic-con-terraza\/","og_site_name":"The Pavilions Hotels &amp; Resorts","article_modified_time":"2024-10-03T03:01:55+00:00","twitter_card":"summary_large_image","twitter_misc":{"Tiempo de lectura":"1 minuto"},"schema":{"@context":"https:\/\/schema.org","@graph":[{"@type":"WebPage","@id":"https:\/\/www.pavilionshotels.com\/es\/destinations\/madrid\/casa-almagro\/stay\/habitaciones\/deluxe-attic-con-terraza\/","url":"https:\/\/www.pavilionshotels.com\/es\/destinations\/madrid\/casa-almagro\/stay\/habitaciones\/deluxe-attic-con-terraza\/","name":"The Pavilions Hotels &amp; Resorts | Deluxe Attic con terraza","isPartOf":{"@id":"https:\/\/www.pavilionshotels.com\/es\/#website"},"datePublished":"2024-02-27T04:27:50+00:00","dateModified":"2024-10-03T03:01:55+00:00","breadcrumb":{"@id":"https:\/\/www.pavilionshotels.com\/es\/destinations\/madrid\/casa-almagro\/stay\/habitaciones\/deluxe-attic-con-terraza\/#breadcrumb"},"inLanguage":"es","potentialAction":[{"@type":"ReadAction","target":["https:\/\/www.pavilionshotels.com\/es\/destinations\/madrid\/casa-almagro\/stay\/habitaciones\/deluxe-attic-con-terraza\/"]}]},{"@type":"BreadcrumbList","@id":"https:\/\/www.pavilionshotels.com\/es\/destinations\/madrid\/casa-almagro\/stay\/habitaciones\/deluxe-attic-con-terraza\/#breadcrumb","itemListElement":[{"@type":"ListItem","position":1,"name":"Home","item":"https:\/\/www.pavilionshotels.com\/es\/"},{"@type":"ListItem","position":2,"name":"Destinations","item":"https:\/\/www.pavilionshotels.com\/es\/destinations\/"},{"@type":"ListItem","position":3,"name":"Madrid","item":"https:\/\/www.pavilionshotels.com\/es\/destinations\/madrid\/"},{"@type":"ListItem","position":4,"name":"Casa Almagro","item":"https:\/\/www.pavilionshotels.com\/es\/destinations\/madrid\/casa-almagro\/"},{"@type":"ListItem","position":5,"name":"Habitaciones","item":"https:\/\/www.pavilionshotels.com\/es\/destinations\/madrid\/casa-almagro\/stay\/"},{"@type":"ListItem","position":6,"name":"Habitaciones","item":"https:\/\/www.pavilionshotels.com\/es\/destinations\/madrid\/casa-almagro\/stay\/habitaciones\/"},{"@type":"ListItem","position":7,"name":"Deluxe Attic con terraza"}]},{"@type":"WebSite","@id":"https:\/\/www.pavilionshotels.com\/es\/#website","url":"https:\/\/www.pavilionshotels.com\/es\/","name":"The Pavilions Hotels &amp; Resorts","description":"Your Curated Journey Starts Now","publisher":{"@id":"https:\/\/www.pavilionshotels.com\/es\/#organization"},"potentialAction":[{"@type":"SearchAction","target":{"@type":"EntryPoint","urlTemplate":"https:\/\/www.pavilionshotels.com\/es\/?s={search_term_string}"},"query-input":{"@type":"PropertyValueSpecification","valueRequired":true,"valueName":"search_term_string"}}],"inLanguage":"es"},{"@type":"Organization","@id":"https:\/\/www.pavilionshotels.com\/es\/#organization","name":"The Pavilions Hotels &amp; Resorts","url":"https:\/\/www.pavilionshotels.com\/es\/","logo":{"@type":"ImageObject","inLanguage":"es","@id":"https:\/\/www.pavilionshotels.com\/es\/#\/schema\/logo\/image\/","url":"https:\/\/www.pavilionshotels.com\/wp-content\/uploads\/2024\/02\/pavilions-logo.png","contentUrl":"https:\/\/www.pavilionshotels.com\/wp-content\/uploads\/2024\/02\/pavilions-logo.png","width":256,"height":256,"caption":"The Pavilions Hotels &amp; Resorts"},"image":{"@id":"https:\/\/www.pavilionshotels.com\/es\/#\/schema\/logo\/image\/"}}]}},"_links":{"self":[{"href":"https:\/\/www.pavilionshotels.com\/es\/wp-json\/wp\/v2\/pages\/126379","targetHints":{"allow":["GET"]}}],"collection":[{"href":"https:\/\/www.pavilionshotels.com\/es\/wp-json\/wp\/v2\/pages"}],"about":[{"href":"https:\/\/www.pavilionshotels.com\/es\/wp-json\/wp\/v2\/types\/page"}],"author":[{"embeddable":true,"href":"https:\/\/www.pavilionshotels.com\/es\/wp-json\/wp\/v2\/users\/1"}],"replies":[{"embeddable":true,"href":"https:\/\/www.pavilionshotels.com\/es\/wp-json\/wp\/v2\/comments?post=126379"}],"version-history":[{"count":6,"href":"https:\/\/www.pavilionshotels.com\/es\/wp-json\/wp\/v2\/pages\/126379\/revisions"}],"predecessor-version":[{"id":127788,"href":"https:\/\/www.pavilionshotels.com\/es\/wp-json\/wp\/v2\/pages\/126379\/revisions\/127788"}],"up":[{"embeddable":true,"href":"https:\/\/www.pavilionshotels.com\/es\/wp-json\/wp\/v2\/pages\/126392"}],"wp:attachment":[{"href":"https:\/\/www.pavilionshotels.com\/es\/wp-json\/wp\/v2\/media?parent=126379"}],"curies":[{"name":"wp","href":"https:\/\/api.w.org\/{rel}","templated":true}]}}